{"id":77,"date":"2015-09-06T17:12:10","date_gmt":"2015-09-06T16:12:10","guid":{"rendered":"http:\/\/www.makyservis.cz\/?page_id=77"},"modified":"2024-11-04T13:27:57","modified_gmt":"2024-11-04T12:27:57","slug":"cenik-servisnich-sluzeb","status":"publish","type":"page","link":"http:\/\/www.makyservis.cz\/?page_id=77","title":{"rendered":"Cen\u00edk servisn\u00edch slu\u017eeb"},"content":{"rendered":"<table style=\"width: 75%;\">\n<tbody>\n<tr>\n<th>Druh<\/th>\n<th>Cena<\/th>\n<\/tr>\n<tr>\n<td>Mechanick\u00e9 pr\u00e1ce<\/td>\n<td>600,- K\u010d \/ hod.<\/td>\n<\/tr>\n<tr>\n<td>Diagnostika<\/td>\n<td>500,- K\u010d<\/td>\n<\/tr>\n<tr>\n<td>Pravideln\u00e1 servisn\u00ed prohl\u00eddka<\/td>\n<td>500,- K\u010d<\/td>\n<\/tr>\n<\/tbody>\n<\/table>\n<p>Ceny jsou uveden\u00e9 bez DPH.<\/p>\n","protected":false},"excerpt":{"rendered":"<p>Druh Cena Mechanick\u00e9 pr\u00e1ce 600,- K\u010d \/ hod. Diagnostika 500,- K\u010d Pravideln\u00e1 servisn\u00ed prohl\u00eddka 500,- K\u010d Ceny jsou uveden\u00e9 bez DPH.<\/p>\n","protected":false},"author":1,"featured_media":0,"parent":28,"menu_order":0,"comment_status":"closed","ping_status":"closed","template":"","meta":{"footnotes":""},"_links":{"self":[{"href":"http:\/\/www.makyservis.cz\/index.php?rest_route=\/wp\/v2\/pages\/77"}],"collection":[{"href":"http:\/\/www.makyservis.cz\/index.php?rest_route=\/wp\/v2\/pages"}],"about":[{"href":"http:\/\/www.makyservis.cz\/index.php?rest_route=\/wp\/v2\/types\/page"}],"author":[{"embeddable":true,"href":"http:\/\/www.makyservis.cz\/index.php?rest_route=\/wp\/v2\/users\/1"}],"replies":[{"embeddable":true,"href":"http:\/\/www.makyservis.cz\/index.php?rest_route=%2Fwp%2Fv2%2Fcomments&post=77"}],"version-history":[{"count":4,"href":"http:\/\/www.makyservis.cz\/index.php?rest_route=\/wp\/v2\/pages\/77\/revisions"}],"predecessor-version":[{"id":167,"href":"http:\/\/www.makyservis.cz\/index.php?rest_route=\/wp\/v2\/pages\/77\/revisions\/167"}],"up":[{"embeddable":true,"href":"http:\/\/www.makyservis.cz\/index.php?rest_route=\/wp\/v2\/pages\/28"}],"wp:attachment":[{"href":"http:\/\/www.makyservis.cz\/index.php?rest_route=%2Fwp%2Fv2%2Fmedia&parent=77"}],"curies":[{"name":"wp","href":"https:\/\/api.w.org\/{rel}","templated":true}]}}