{"id":34,"date":"2015-02-12T18:49:42","date_gmt":"2015-02-12T17:49:42","guid":{"rendered":"http:\/\/www.makyservis.cz\/?page_id=34"},"modified":"2015-11-02T16:43:39","modified_gmt":"2015-11-02T15:43:39","slug":"kontakt-2","status":"publish","type":"page","link":"http:\/\/www.makyservis.cz\/?page_id=34","title":{"rendered":"Kontakt"},"content":{"rendered":"<p>Najdete n\u00e1s v technologick\u00e9m are\u00e1lu Dels<\/p>\n<p>Pod s\u00eddli\u0161t\u011bm 1<br \/>\n636 00 Brno &#8211; \u017didenice<\/p>\n<p>e-mail: info@makyservis.cz<br \/>\nmobil: +420 777 674 947<\/p>\n<p><a href=\"http:\/\/www.makyservis.cz\/wp-content\/uploads\/2015\/02\/vjezd.jpg\"><img loading=\"lazy\" decoding=\"async\" class=\"alignnone  wp-image-82\" src=\"http:\/\/www.makyservis.cz\/wp-content\/uploads\/2015\/02\/vjezd-1038x576.jpg\" alt=\"Kde n\u00e1s najdete\" width=\"478\" height=\"265\" srcset=\"http:\/\/www.makyservis.cz\/wp-content\/uploads\/2015\/02\/vjezd-1038x576.jpg 1038w, http:\/\/www.makyservis.cz\/wp-content\/uploads\/2015\/02\/vjezd-672x372.jpg 672w\" sizes=\"(max-width: 478px) 100vw, 478px\" \/><\/a><\/p>\n<p><a href=\"http:\/\/www.makyservis.cz\/?page_id=87\">Mapa<\/a><\/p>\n<p>Pracovn\u00ed doba:<\/p>\n<table>\n<tbody>\n<tr>\n<td>Po<\/td>\n<td>8:00 &#8211; 17:00<\/td>\n<\/tr>\n<tr>\n<td>\u00dat<\/td>\n<td>8:00 &#8211; 17:00<\/td>\n<\/tr>\n<tr>\n<td>St<\/td>\n<td>8:00 &#8211; 17:00<\/td>\n<\/tr>\n<tr>\n<td>\u010ct<\/td>\n<td>8:00 &#8211; 17:00<\/td>\n<\/tr>\n<tr>\n<td>P\u00e1<\/td>\n<td>8:00 &#8211; 14:00<\/td>\n<\/tr>\n<tr>\n<td colspan=\"2\">Po telefonick\u00e9 dohod\u011b i mimo pracovn\u00ed dobu.<\/td>\n<\/tr>\n<\/tbody>\n<\/table>\n","protected":false},"excerpt":{"rendered":"<p>Najdete n\u00e1s v technologick\u00e9m are\u00e1lu Dels Pod s\u00eddli\u0161t\u011bm 1 636 00 Brno &#8211; \u017didenice e-mail: info@makyservis.cz mobil: +420 777 674 947 Mapa Pracovn\u00ed doba: Po 8:00 &#8211; 17:00 \u00dat 8:00 &#8211; 17:00 St 8:00 &#8211; 17:00 \u010ct 8:00 &#8211; 17:00 P\u00e1 8:00 &#8211; 14:00 Po telefonick\u00e9 dohod\u011b i mimo pracovn\u00ed dobu.<\/p>\n","protected":false},"author":1,"featured_media":0,"parent":0,"menu_order":0,"comment_status":"closed","ping_status":"closed","template":"","meta":{"footnotes":""},"_links":{"self":[{"href":"http:\/\/www.makyservis.cz\/index.php?rest_route=\/wp\/v2\/pages\/34"}],"collection":[{"href":"http:\/\/www.makyservis.cz\/index.php?rest_route=\/wp\/v2\/pages"}],"about":[{"href":"http:\/\/www.makyservis.cz\/index.php?rest_route=\/wp\/v2\/types\/page"}],"author":[{"embeddable":true,"href":"http:\/\/www.makyservis.cz\/index.php?rest_route=\/wp\/v2\/users\/1"}],"replies":[{"embeddable":true,"href":"http:\/\/www.makyservis.cz\/index.php?rest_route=%2Fwp%2Fv2%2Fcomments&post=34"}],"version-history":[{"count":8,"href":"http:\/\/www.makyservis.cz\/index.php?rest_route=\/wp\/v2\/pages\/34\/revisions"}],"predecessor-version":[{"id":154,"href":"http:\/\/www.makyservis.cz\/index.php?rest_route=\/wp\/v2\/pages\/34\/revisions\/154"}],"wp:attachment":[{"href":"http:\/\/www.makyservis.cz\/index.php?rest_route=%2Fwp%2Fv2%2Fmedia&parent=34"}],"curies":[{"name":"wp","href":"https:\/\/api.w.org\/{rel}","templated":true}]}}