{"id":28,"date":"2015-02-12T18:48:11","date_gmt":"2015-02-12T17:48:11","guid":{"rendered":"http:\/\/www.makyservis.cz\/?page_id=28"},"modified":"2015-10-07T17:04:14","modified_gmt":"2015-10-07T16:04:14","slug":"servis-2","status":"publish","type":"page","link":"http:\/\/www.makyservis.cz\/?page_id=28","title":{"rendered":"Servis"},"content":{"rendered":"<p><strong>Autoservis nab\u00edz\u00ed tyto mechanick\u00e9 pr\u00e1ce a slu\u017eby:<\/strong><\/p>\n<ul>\n<li>Se\u0159\u00edzen\u00ed motoru<\/li>\n<li><strong>Diagnostika<\/strong> <strong>(DELPHI)<\/strong><\/li>\n<li>Opravu a v\u00fdm\u011bnu: n\u00e1prav, brzd, \u010dep\u016f, ramen, tlumi\u010d\u016f<\/li>\n<li>Kontrolu a opravu podvozku<\/li>\n<li>Kompletn\u00ed servisn\u00ed prohl\u00eddky<\/li>\n<li>P\u0159\u00edprava a vy\u0159\u00edzen\u00ed STK<\/li>\n<li>Ve\u0161ker\u00e9 mechanick\u00e9 pr\u00e1ce<\/li>\n<li><a href=\"http:\/\/www.makyservis.cz\/?page_id=22\"><u><span style=\"color: #0066cc;\">Se\u0159\u00edzen\u00ed geometrie vozu<\/span><\/u><\/a><\/li>\n<\/ul>\n<p><a href=\"http:\/\/www.makyservis.cz\/?page_id=77\">Cen\u00edk prac\u00ed<\/a><\/p>\n<table style=\"border: 0px; width: 100%; background-color: #20225b;\">\n<tbody>\n<tr>\n<td><img loading=\"lazy\" decoding=\"async\" class=\"alignnone size-medium wp-image-139\" src=\"http:\/\/www.makyservis.cz\/wp-content\/uploads\/2015\/02\/222-300x169.jpg\" alt=\"222\" width=\"300\" height=\"169\" \/><\/td>\n<td style=\"text-align: right;\"><img loading=\"lazy\" decoding=\"async\" class=\"alignnone size-medium wp-image-140\" src=\"http:\/\/www.makyservis.cz\/wp-content\/uploads\/2015\/02\/230-300x169.jpg\" alt=\"230\" width=\"300\" height=\"169\" srcset=\"http:\/\/www.makyservis.cz\/wp-content\/uploads\/2015\/02\/230-300x169.jpg 300w, http:\/\/www.makyservis.cz\/wp-content\/uploads\/2015\/02\/230.jpg 727w\" sizes=\"(max-width: 300px) 100vw, 300px\" \/><\/td>\n<\/tr>\n<tr>\n<td style=\"text-align: center;background-color:white;\" colspan=\"2\"><img loading=\"lazy\" decoding=\"async\" class=\"alignnone size-medium wp-image-141\" src=\"http:\/\/www.makyservis.cz\/wp-content\/uploads\/2015\/02\/059-300x225.jpg\" alt=\"059\" width=\"300\" height=\"225\" srcset=\"http:\/\/www.makyservis.cz\/wp-content\/uploads\/2015\/02\/059-300x225.jpg 300w, http:\/\/www.makyservis.cz\/wp-content\/uploads\/2015\/02\/059-1024x768.jpg 1024w, http:\/\/www.makyservis.cz\/wp-content\/uploads\/2015\/02\/059.jpg 2048w\" sizes=\"(max-width: 300px) 100vw, 300px\" \/><\/td>\n<\/tr>\n<tr>\n<td><img loading=\"lazy\" decoding=\"async\" class=\"alignnone size-medium wp-image-142\" src=\"http:\/\/www.makyservis.cz\/wp-content\/uploads\/2015\/02\/233-300x169.jpg\" alt=\"233\" width=\"300\" height=\"169\" \/><\/td>\n<td style=\"text-align: right;\"><img loading=\"lazy\" decoding=\"async\" class=\"alignnone size-medium wp-image-144\" src=\"http:\/\/www.makyservis.cz\/wp-content\/uploads\/2015\/02\/232-300x169.jpg\" alt=\"232\" width=\"300\" height=\"169\" srcset=\"http:\/\/www.makyservis.cz\/wp-content\/uploads\/2015\/02\/232-300x169.jpg 300w, http:\/\/www.makyservis.cz\/wp-content\/uploads\/2015\/02\/232.jpg 617w\" sizes=\"(max-width: 300px) 100vw, 300px\" \/><\/td>\n<\/tr>\n<\/tbody>\n<\/table>\n","protected":false},"excerpt":{"rendered":"<p>Autoservis nab\u00edz\u00ed tyto mechanick\u00e9 pr\u00e1ce a slu\u017eby: Se\u0159\u00edzen\u00ed motoru Diagnostika (DELPHI) Opravu a v\u00fdm\u011bnu: n\u00e1prav, brzd, \u010dep\u016f, ramen, tlumi\u010d\u016f Kontrolu a opravu podvozku Kompletn\u00ed servisn\u00ed prohl\u00eddky P\u0159\u00edprava a vy\u0159\u00edzen\u00ed STK Ve\u0161ker\u00e9 mechanick\u00e9 pr\u00e1ce Se\u0159\u00edzen\u00ed geometrie vozu Cen\u00edk prac\u00ed<\/p>\n","protected":false},"author":1,"featured_media":0,"parent":0,"menu_order":0,"comment_status":"closed","ping_status":"closed","template":"","meta":{"footnotes":""},"_links":{"self":[{"href":"http:\/\/www.makyservis.cz\/index.php?rest_route=\/wp\/v2\/pages\/28"}],"collection":[{"href":"http:\/\/www.makyservis.cz\/index.php?rest_route=\/wp\/v2\/pages"}],"about":[{"href":"http:\/\/www.makyservis.cz\/index.php?rest_route=\/wp\/v2\/types\/page"}],"author":[{"embeddable":true,"href":"http:\/\/www.makyservis.cz\/index.php?rest_route=\/wp\/v2\/users\/1"}],"replies":[{"embeddable":true,"href":"http:\/\/www.makyservis.cz\/index.php?rest_route=%2Fwp%2Fv2%2Fcomments&post=28"}],"version-history":[{"count":11,"href":"http:\/\/www.makyservis.cz\/index.php?rest_route=\/wp\/v2\/pages\/28\/revisions"}],"predecessor-version":[{"id":146,"href":"http:\/\/www.makyservis.cz\/index.php?rest_route=\/wp\/v2\/pages\/28\/revisions\/146"}],"wp:attachment":[{"href":"http:\/\/www.makyservis.cz\/index.php?rest_route=%2Fwp%2Fv2%2Fmedia&parent=28"}],"curies":[{"name":"wp","href":"https:\/\/api.w.org\/{rel}","templated":true}]}}