{"id":25,"date":"2015-02-12T18:47:03","date_gmt":"2015-02-12T17:47:03","guid":{"rendered":"http:\/\/www.makyservis.cz\/?page_id=25"},"modified":"2024-10-18T06:51:39","modified_gmt":"2024-10-18T05:51:39","slug":"uvod","status":"publish","type":"page","link":"http:\/\/www.makyservis.cz\/","title":{"rendered":"\u00davod"},"content":{"rendered":"<p style=\"text-align: justify;\">Na\u0161e firma se ji\u017e des\u00edtky let pe\u010dliv\u011b star\u00e1 o vozidla sv\u00fdch\u00a0 z\u00e1kazn\u00edk\u016f. Poskytujeme servis osobn\u00edch a u\u017eitkov\u00fdch voz\u016f v\u0161ech typ\u016f a zna\u010dek. Jsme vybaven\u00ed diagnostick\u00fdmi n\u00e1stroji na v\u011bt\u0161inu vozidel. Prov\u00e1d\u00edme geometrii kol,\u00a0diagnostiku a ve\u0161ker\u00e9 mechanick\u00e9 pr\u00e1ce.<\/p>\n<table style=\"width:100%\">\n<tbody>\n<tr>\n<td><strong>\u00a0<\/strong><\/td>\n<td><strong>\u00a0<\/strong><\/td>\n<\/tr>\n<tr>\n<td><a href=\"http:\/\/www.makyservis.cz\/?page_id=28\"><img loading=\"lazy\" decoding=\"async\" class=\"alignnone size-medium wp-image-73\" src=\"http:\/\/www.makyservis.cz\/wp-content\/uploads\/2024\/02\/logoServis.jpg\" alt=\"Servis\" width=\"300\" height=\"225\" \/><br \/>\n<\/a><\/td>\n<td><a href=\"http:\/\/www.makyservis.cz\/?page_id=22\"><img loading=\"lazy\" decoding=\"async\" class=\"alignnone size-medium wp-image-42\" src=\"http:\/\/www.makyservis.cz\/wp-content\/uploads\/2024\/02\/geometrie.jpg\" alt=\"Geometrie\" width=\"300\" height=\"225\" \/><\/a><\/td>\n<\/tr>\n<\/tbody>\n<\/table>\n","protected":false},"excerpt":{"rendered":"<p>Na\u0161e firma se ji\u017e des\u00edtky let pe\u010dliv\u011b star\u00e1 o vozidla sv\u00fdch\u00a0 z\u00e1kazn\u00edk\u016f. Poskytujeme servis osobn\u00edch a u\u017eitkov\u00fdch voz\u016f v\u0161ech typ\u016f a zna\u010dek. Jsme vybaven\u00ed diagnostick\u00fdmi n\u00e1stroji na v\u011bt\u0161inu vozidel. Prov\u00e1d\u00edme geometrii kol,\u00a0diagnostiku a ve\u0161ker\u00e9 mechanick\u00e9 pr\u00e1ce. \u00a0 \u00a0<\/p>\n","protected":false},"author":1,"featured_media":0,"parent":0,"menu_order":0,"comment_status":"closed","ping_status":"closed","template":"page-templates\/full-width.php","meta":{"footnotes":""},"_links":{"self":[{"href":"http:\/\/www.makyservis.cz\/index.php?rest_route=\/wp\/v2\/pages\/25"}],"collection":[{"href":"http:\/\/www.makyservis.cz\/index.php?rest_route=\/wp\/v2\/pages"}],"about":[{"href":"http:\/\/www.makyservis.cz\/index.php?rest_route=\/wp\/v2\/types\/page"}],"author":[{"embeddable":true,"href":"http:\/\/www.makyservis.cz\/index.php?rest_route=\/wp\/v2\/users\/1"}],"replies":[{"embeddable":true,"href":"http:\/\/www.makyservis.cz\/index.php?rest_route=%2Fwp%2Fv2%2Fcomments&post=25"}],"version-history":[{"count":14,"href":"http:\/\/www.makyservis.cz\/index.php?rest_route=\/wp\/v2\/pages\/25\/revisions"}],"predecessor-version":[{"id":164,"href":"http:\/\/www.makyservis.cz\/index.php?rest_route=\/wp\/v2\/pages\/25\/revisions\/164"}],"wp:attachment":[{"href":"http:\/\/www.makyservis.cz\/index.php?rest_route=%2Fwp%2Fv2%2Fmedia&parent=25"}],"curies":[{"name":"wp","href":"https:\/\/api.w.org\/{rel}","templated":true}]}}