{"id":22,"date":"2015-02-12T18:41:24","date_gmt":"2015-02-12T17:41:24","guid":{"rendered":"http:\/\/www.makyservis.cz\/?page_id=22"},"modified":"2015-10-07T17:07:05","modified_gmt":"2015-10-07T16:07:05","slug":"geometrie-2","status":"publish","type":"page","link":"http:\/\/www.makyservis.cz\/?page_id=22","title":{"rendered":"Geometrie"},"content":{"rendered":"<p><span style=\"color: #ff0000;\"><strong>Mimo geometrii b\u011b\u017en\u00fdch vozidel prov\u00e1d\u00edme i geometrii speci\u00e1ln\u00edch vozidel (z\u00e1vodn\u00ed, okruhov\u00e9, vrcha\u0159sk\u00e9).<\/strong><\/span><\/p>\n<p><strong>Se\u0159\u00edd\u00edme kola va\u0161eho vozu a\u017e do \u00f8 22&#8243;, s maxim\u00e1ln\u00ed d\u00e9lkou vozu 7340 cm a maxim\u00e1ln\u00edm rozvoru kol 4325 cm.<\/strong><\/p>\n<table style=\"border: 0px; width: 100%; background-color: #20225b;\">\n<tbody>\n<tr>\n<td><img loading=\"lazy\" decoding=\"async\" src=\"http:\/\/www.makyservis.cz\/wp-content\/uploads\/2015\/02\/20150525_1026451-300x169.jpg\" alt=\"20150525_102645[1]\" width=\"300\" height=\"169\" \/><\/td>\n<td style=\"text-align: right;\"><img loading=\"lazy\" decoding=\"async\" class=\"alignnone size-medium wp-image-114\" src=\"http:\/\/www.makyservis.cz\/wp-content\/uploads\/2015\/02\/20150529_1158171-300x169.jpg\" alt=\"20150529_115817[1]\" width=\"300\" height=\"169\" srcset=\"http:\/\/www.makyservis.cz\/wp-content\/uploads\/2015\/02\/20150529_1158171-300x169.jpg 300w, http:\/\/www.makyservis.cz\/wp-content\/uploads\/2015\/02\/20150529_1158171-1024x576.jpg 1024w\" sizes=\"(max-width: 300px) 100vw, 300px\" \/><\/td>\n<\/tr>\n<\/tbody>\n<\/table>\n<p>Geometrie kol ur\u010duje jejich postaven\u00ed k silnici. Se\u0159\u00edzen\u00ed geometrie\u00a0zaji\u0161\u0165uje spr\u00e1vn\u00e9 to\u010den\u00ed kol. \u0160patnou geometrii nejl\u00e9pe odhal\u00edte na nerovnom\u011brn\u011b sj\u00ed\u017ed\u011bn\u00fdch pneumatik\u00e1ch.<\/p>\n<p>&#8222;P\u011bt z deseti vozidel m\u00e1 geometrii podvozku mimo p\u0159edepsan\u00e9 hodnoty,&#8220; tvrd\u00ed \u0160koda na z\u00e1klad\u011b intern\u00edch statistik. &#8222;D\u00edky dob\u0159e se\u0159\u00edzen\u00e9 geometrii se p\u0159edejde cel\u00e9 \u0159ad\u011b zbyte\u010dn\u00fdch komplikac\u00ed a probl\u00e9m\u016f. Kontrola by se m\u011bla prov\u00e1d\u011bt dle doporu\u010den\u00ed v\u00fdrobce vozidla, minim\u00e1ln\u011b v\u0161ak jednou za rok,&#8220; \u0159\u00edk\u00e1 Karel Star\u00fd ze \u0160kody Auto.<\/p>\n<table style=\"border: 0px; width: 100%; background-color: #20225b;\">\n<tbody>\n<tr>\n<td style=\"text-align: justify;\"><img loading=\"lazy\" decoding=\"async\" class=\"alignnone size-medium wp-image-118\" src=\"http:\/\/www.makyservis.cz\/wp-content\/uploads\/2015\/02\/20150526_1144461-300x169.jpg\" alt=\"20150526_114446[1]\" width=\"300\" height=\"169\" srcset=\"http:\/\/www.makyservis.cz\/wp-content\/uploads\/2015\/02\/20150526_1144461-300x169.jpg 300w, http:\/\/www.makyservis.cz\/wp-content\/uploads\/2015\/02\/20150526_1144461-1024x576.jpg 1024w\" sizes=\"(max-width: 300px) 100vw, 300px\" \/><\/td>\n<td style=\"text-align: right;\">\u00a0<img loading=\"lazy\" decoding=\"async\" class=\"alignnone size-medium wp-image-120\" src=\"http:\/\/www.makyservis.cz\/wp-content\/uploads\/2015\/02\/20150513_1017561-300x169.jpg\" alt=\"20150513_101756[1]\" width=\"300\" height=\"169\" srcset=\"http:\/\/www.makyservis.cz\/wp-content\/uploads\/2015\/02\/20150513_1017561-300x169.jpg 300w, http:\/\/www.makyservis.cz\/wp-content\/uploads\/2015\/02\/20150513_1017561-1024x576.jpg 1024w\" sizes=\"(max-width: 300px) 100vw, 300px\" \/><\/td>\n<\/tr>\n<\/tbody>\n<\/table>\n<p>Se\u0159\u00edzen\u00ed kol je dobr\u00e9 prov\u00e1d\u011bt preventivn\u011b alespo\u0148 jednou za 12 m\u011bs\u00edc\u016f, po v\u00fdm\u011bn\u011b disk\u016f, p\u0159ezut\u00ed pneumatik a v\u00fdm\u011bn\u011b jak\u00e9hokoliv d\u00edlu \u0159\u00edd\u00edc\u00ed soustavy. Tak\u00e9 po v\u0161ech oprav\u00e1ch a \u00faprav\u00e1ch n\u00e1pravy, po ka\u017ed\u00e9 hav\u00e1rii, m\u016f\u017ee b\u00fdt pot\u0159eba i po men\u0161\u00edch n\u00e1razech (nap\u0159. p\u0159i kolizi s divokou zv\u011b\u0159\u00ed, prora\u017een\u00ed kola, vjet\u00ed do v\u00fdmolu ve vy\u0161\u0161\u00ed rychlosti, p\u0159i \u010dast\u00e9m naj\u00ed\u017ed\u011bn\u00ed na obrubn\u00edky\u00a0apod.). Tak\u00e9 v p\u0159\u00edpadech, kdy zjist\u00edte, \u017ee se va\u0161e vozidlo st\u00e1\u010d\u00ed doprava nebo doleva, kdy\u017e na rovn\u00e9 silnici na kr\u00e1tk\u00fd okam\u017eik pust\u00edte volant.<\/p>\n<table style=\"border: 0px; widht: 100%; background-color: #20225b;\">\n<tbody>\n<tr>\n<td><img loading=\"lazy\" decoding=\"async\" class=\"alignnone size-medium wp-image-128\" src=\"http:\/\/www.makyservis.cz\/wp-content\/uploads\/2015\/02\/100_1916-300x169.jpg\" alt=\"100_1916\" width=\"300\" height=\"169\" srcset=\"http:\/\/www.makyservis.cz\/wp-content\/uploads\/2015\/02\/100_1916-300x169.jpg 300w, http:\/\/www.makyservis.cz\/wp-content\/uploads\/2015\/02\/100_1916-1024x576.jpg 1024w\" sizes=\"(max-width: 300px) 100vw, 300px\" \/><\/td>\n<td style=\"text-align: right;\"><img loading=\"lazy\" decoding=\"async\" class=\"alignnone size-medium wp-image-126\" src=\"http:\/\/www.makyservis.cz\/wp-content\/uploads\/2015\/02\/20150630_160611-300x169.jpg\" alt=\"20150630_160611\" width=\"300\" height=\"169\" \/><\/td>\n<\/tr>\n<\/tbody>\n<\/table>\n<h2><strong>Pro\u010d m\u00edt spr\u00e1vn\u011b se\u0159\u00edzenou geometrii kol<\/strong><\/h2>\n<ul>\n<li>Spr\u00e1vn\u00e9 nastaven\u00ed geometrie kol zlep\u0161uje j\u00edzdn\u00ed vlastnosti a ovladatelnost vozidla<\/li>\n<li>V\u00fdznamn\u011b sni\u017euje n\u00e1klady na provoz vozidla<\/li>\n<li>Prodlu\u017euje v\u00fdrazn\u00fdm zp\u016fsobem \u017eivotnost pneumatik<\/li>\n<li>Sni\u017euje i spot\u0159ebu paliva<\/li>\n<\/ul>\n<h2>Kdy se geometrie kol zm\u011bn\u00ed<\/h2>\n<ul>\n<li>Rychl\u00fdm n\u00e1jezdem kola do hlubok\u00e9ho v\u00fdmolu<\/li>\n<li>Rychl\u00fdm n\u00e1jezdem kola na p\u0159ek\u00e1\u017eku, nap\u0159. vysok\u00fd obrubn\u00edk<\/li>\n<li>P\u0159i v\u00fdm\u011bn\u011b n\u011bkter\u00e9 \u010d\u00e1sti \u0159\u00edzen\u00ed nebo zav\u011b\u0161en\u00ed kol<\/li>\n<\/ul>\n<p><a href=\"http:\/\/www.makyservis.cz\/?page_id=69\">Cen\u00edk prac\u00ed<\/a><\/p>\n<table style=\"border: 0px; width: 100%; background-color: #20225b;\">\n<tbody>\n<tr>\n<td><img loading=\"lazy\" decoding=\"async\" class=\"alignnone size-medium wp-image-132\" src=\"http:\/\/www.makyservis.cz\/wp-content\/uploads\/2015\/02\/188u-300x169.jpg\" alt=\"188u\" width=\"300\" height=\"169\" srcset=\"http:\/\/www.makyservis.cz\/wp-content\/uploads\/2015\/02\/188u-300x169.jpg 300w, http:\/\/www.makyservis.cz\/wp-content\/uploads\/2015\/02\/188u-1024x576.jpg 1024w, http:\/\/www.makyservis.cz\/wp-content\/uploads\/2015\/02\/188u.jpg 1659w\" sizes=\"(max-width: 300px) 100vw, 300px\" \/><\/td>\n<td style=\"text-align: right;\"><img loading=\"lazy\" decoding=\"async\" class=\"alignnone size-medium wp-image-131\" src=\"http:\/\/www.makyservis.cz\/wp-content\/uploads\/2015\/02\/20150416_171522-300x169.jpg\" alt=\"20150416_171522\" width=\"300\" height=\"169\" \/><\/td>\n<\/tr>\n<\/tbody>\n<\/table>\n","protected":false},"excerpt":{"rendered":"<p>Mimo geometrii b\u011b\u017en\u00fdch vozidel prov\u00e1d\u00edme i geometrii speci\u00e1ln\u00edch vozidel (z\u00e1vodn\u00ed, okruhov\u00e9, vrcha\u0159sk\u00e9). Se\u0159\u00edd\u00edme kola va\u0161eho vozu a\u017e do \u00f8 22&#8243;, s maxim\u00e1ln\u00ed d\u00e9lkou vozu 7340 cm a maxim\u00e1ln\u00edm rozvoru kol 4325 cm. Geometrie kol ur\u010duje jejich postaven\u00ed k silnici. Se\u0159\u00edzen\u00ed geometrie\u00a0zaji\u0161\u0165uje spr\u00e1vn\u00e9 to\u010den\u00ed kol. \u0160patnou geometrii nejl\u00e9pe odhal\u00edte na nerovnom\u011brn\u011b sj\u00ed\u017ed\u011bn\u00fdch pneumatik\u00e1ch. &#8222;P\u011bt z deseti &hellip; <a href=\"http:\/\/www.makyservis.cz\/?page_id=22\" class=\"more-link\">Pokra\u010dov\u00e1n\u00ed textu <span class=\"screen-reader-text\">Geometrie<\/span> <span class=\"meta-nav\">&rarr;<\/span><\/a><\/p>\n","protected":false},"author":1,"featured_media":0,"parent":0,"menu_order":0,"comment_status":"closed","ping_status":"closed","template":"","meta":{"footnotes":""},"_links":{"self":[{"href":"http:\/\/www.makyservis.cz\/index.php?rest_route=\/wp\/v2\/pages\/22"}],"collection":[{"href":"http:\/\/www.makyservis.cz\/index.php?rest_route=\/wp\/v2\/pages"}],"about":[{"href":"http:\/\/www.makyservis.cz\/index.php?rest_route=\/wp\/v2\/types\/page"}],"author":[{"embeddable":true,"href":"http:\/\/www.makyservis.cz\/index.php?rest_route=\/wp\/v2\/users\/1"}],"replies":[{"embeddable":true,"href":"http:\/\/www.makyservis.cz\/index.php?rest_route=%2Fwp%2Fv2%2Fcomments&post=22"}],"version-history":[{"count":26,"href":"http:\/\/www.makyservis.cz\/index.php?rest_route=\/wp\/v2\/pages\/22\/revisions"}],"predecessor-version":[{"id":147,"href":"http:\/\/www.makyservis.cz\/index.php?rest_route=\/wp\/v2\/pages\/22\/revisions\/147"}],"wp:attachment":[{"href":"http:\/\/www.makyservis.cz\/index.php?rest_route=%2Fwp%2Fv2%2Fmedia&parent=22"}],"curies":[{"name":"wp","href":"https:\/\/api.w.org\/{rel}","templated":true}]}}